{"id":20,"date":"2023-11-24T18:42:41","date_gmt":"2023-11-24T18:42:41","guid":{"rendered":"https:\/\/www.desers.de\/desers2\/?page_id=20"},"modified":"2024-09-30T11:02:46","modified_gmt":"2024-09-30T11:02:46","slug":"tanzlokal","status":"publish","type":"page","link":"https:\/\/www.desers.de\/desers2\/tanzlokal\/","title":{"rendered":"Tanzlokal"},"content":{"rendered":"\t\t<div data-elementor-type=\"wp-page\" data-elementor-id=\"20\" class=\"elementor elementor-20\">\n\t\t\t\t<div class=\"elementor-element elementor-element-13454e7 e-flex e-con-boxed e-con e-parent\" data-id=\"13454e7\" data-element_type=\"container\" data-core-v316-plus=\"true\">\n\t\t\t\t\t<div class=\"e-con-inner\">\n\t\t\t\t<div class=\"elementor-element elementor-element-d273cc8 elementor-widget elementor-widget-text-editor\" data-id=\"d273cc8\" data-element_type=\"widget\" data-widget_type=\"text-editor.default\">\n\t\t\t\t<div class=\"elementor-widget-container\">\n\t\t\t<style>\/*! elementor - v3.20.0 - 26-03-2024 *\/\n.elementor-widget-text-editor.elementor-drop-cap-view-stacked .elementor-drop-cap{background-color:#69727d;color:#fff}.elementor-widget-text-editor.elementor-drop-cap-view-framed .elementor-drop-cap{color:#69727d;border:3px solid;background-color:transparent}.elementor-widget-text-editor:not(.elementor-drop-cap-view-default) .elementor-drop-cap{margin-top:8px}.elementor-widget-text-editor:not(.elementor-drop-cap-view-default) .elementor-drop-cap-letter{width:1em;height:1em}.elementor-widget-text-editor .elementor-drop-cap{float:left;text-align:center;line-height:1;font-size:50px}.elementor-widget-text-editor .elementor-drop-cap-letter{display:inline-block}<\/style>\t\t\t\t<p style=\"text-align: center;\"><span style=\"text-decoration: underline;\"><br \/>Tanzlokal<\/span><\/p><p style=\"text-align: center;\">TANZEN und FEIERN f\u00fcr alle.<\/p><p>(Keine Kartenzahlung m\u00f6glich.)<\/p>\t\t\t\t\t\t<\/div>\n\t\t\t\t<\/div>\n\t\t\t\t<div class=\"elementor-element elementor-element-c96570e elementor-widget elementor-widget-text-editor\" data-id=\"c96570e\" data-element_type=\"widget\" data-widget_type=\"text-editor.default\">\n\t\t\t\t<div class=\"elementor-widget-container\">\n\t\t\t\t\t\t\t<p style=\"text-align: center;\">Ge\u00f6ffnet Freitag und Samstag<\/p><p style=\"text-align: center;\">ab 19 Uhr\u00a0<\/p><p style=\"text-align: center;\">Erlebe eine Nacht voller mitrei\u00dfender Musik und unvergesslicher Momente.<br \/>Unsere DJ&#8217;s spielen Musik aus den\u00a0 70er, 80er und 90ern, die Auswahl reicht von\u00a0 POP-Klassikern bis zu den aktuellen Chart-Hits !<\/p><p style=\"text-align: center;\">Das Ganze pr\u00e4sentiert und abgemischt von unseren Live-DJ\u00b4s im 20-min\u00fctigem Wechsel.<\/p><p style=\"text-align: center;\">\u2026 weitere Infos zum Programm auf der Seite \u00a0<\/p><p style=\"text-align: center;\"><span style=\"color: #0000ff;\"><a style=\"color: #0000ff;\" href=\"https:\/\/www.desers.de\/desers2\/aktuelles\/\">AKTUELLES<\/a><\/span><\/p>\t\t\t\t\t\t<\/div>\n\t\t\t\t<\/div>\n\t\t\t\t\t<\/div>\n\t\t\t\t<\/div>\n\t\t<div class=\"elementor-element elementor-element-9ff42fc e-flex e-con-boxed e-con e-parent\" data-id=\"9ff42fc\" data-element_type=\"container\" data-core-v316-plus=\"true\">\n\t\t\t\t\t<div class=\"e-con-inner\">\n\t\t<div class=\"elementor-element elementor-element-0809740 e-con-full e-flex e-con e-child\" data-id=\"0809740\" data-element_type=\"container\">\n\t\t\t\t<div class=\"elementor-element elementor-element-ed47ac0 elementor-widget elementor-widget-image\" data-id=\"ed47ac0\" data-element_type=\"widget\" data-widget_type=\"image.default\">\n\t\t\t\t<div class=\"elementor-widget-container\">\n\t\t\t<style>\/*! elementor - v3.20.0 - 26-03-2024 *\/\n.elementor-widget-image{text-align:center}.elementor-widget-image a{display:inline-block}.elementor-widget-image a img[src$=\".svg\"]{width:48px}.elementor-widget-image img{vertical-align:middle;display:inline-block}<\/style>\t\t\t\t\t\t\t\t\t\t<img fetchpriority=\"high\" decoding=\"async\" width=\"600\" height=\"600\" src=\"https:\/\/www.desers.de\/desers2\/wp-content\/uploads\/2024\/09\/20240930_112045-600x600.jpg\" class=\"attachment-ocean-thumb-m size-ocean-thumb-m wp-image-3083\" alt=\"\" srcset=\"https:\/\/www.desers.de\/desers2\/wp-content\/uploads\/2024\/09\/20240930_112045-600x600.jpg 600w, https:\/\/www.desers.de\/desers2\/wp-content\/uploads\/2024\/09\/20240930_112045-150x150.jpg 150w\" sizes=\"(max-width: 600px) 100vw, 600px\" \/>\t\t\t\t\t\t\t\t\t\t\t\t\t<\/div>\n\t\t\t\t<\/div>\n\t\t\t\t<\/div>\n\t\t<div class=\"elementor-element elementor-element-6fb6ca9 e-con-full e-flex e-con e-child\" data-id=\"6fb6ca9\" data-element_type=\"container\">\n\t\t\t\t<div class=\"elementor-element elementor-element-0644be7 elementor-widget elementor-widget-image\" data-id=\"0644be7\" data-element_type=\"widget\" data-widget_type=\"image.default\">\n\t\t\t\t<div class=\"elementor-widget-container\">\n\t\t\t\t\t\t\t\t\t\t\t\t\t<img decoding=\"async\" width=\"600\" height=\"600\" src=\"https:\/\/www.desers.de\/desers2\/wp-content\/uploads\/2024\/09\/20240930_113842-1-600x600.jpg\" class=\"attachment-ocean-thumb-m size-ocean-thumb-m wp-image-3075\" alt=\"\" srcset=\"https:\/\/www.desers.de\/desers2\/wp-content\/uploads\/2024\/09\/20240930_113842-1-600x600.jpg 600w, https:\/\/www.desers.de\/desers2\/wp-content\/uploads\/2024\/09\/20240930_113842-1-150x150.jpg 150w\" sizes=\"(max-width: 600px) 100vw, 600px\" \/>\t\t\t\t\t\t\t\t\t\t\t\t\t<\/div>\n\t\t\t\t<\/div>\n\t\t\t\t<\/div>\n\t\t<div class=\"elementor-element elementor-element-6499bd3 e-con-full e-flex e-con e-child\" data-id=\"6499bd3\" data-element_type=\"container\">\n\t\t\t\t<div class=\"elementor-element elementor-element-c3e506d elementor-widget elementor-widget-image\" data-id=\"c3e506d\" data-element_type=\"widget\" data-widget_type=\"image.default\">\n\t\t\t\t<div class=\"elementor-widget-container\">\n\t\t\t\t\t\t\t\t\t\t\t\t\t<img decoding=\"async\" width=\"600\" height=\"600\" src=\"https:\/\/www.desers.de\/desers2\/wp-content\/uploads\/2023\/11\/Spotlight-600x600.jpg\" class=\"attachment-ocean-thumb-m size-ocean-thumb-m wp-image-86\" alt=\"\" srcset=\"https:\/\/www.desers.de\/desers2\/wp-content\/uploads\/2023\/11\/Spotlight-600x600.jpg 600w, https:\/\/www.desers.de\/desers2\/wp-content\/uploads\/2023\/11\/Spotlight-150x150.jpg 150w\" sizes=\"(max-width: 600px) 100vw, 600px\" \/>\t\t\t\t\t\t\t\t\t\t\t\t\t<\/div>\n\t\t\t\t<\/div>\n\t\t\t\t<\/div>\n\t\t<div class=\"elementor-element elementor-element-bd87596 e-con-full e-flex e-con e-child\" data-id=\"bd87596\" data-element_type=\"container\">\n\t\t\t\t<div class=\"elementor-element elementor-element-62a10e5 elementor-widget elementor-widget-image\" data-id=\"62a10e5\" data-element_type=\"widget\" data-widget_type=\"image.default\">\n\t\t\t\t<div class=\"elementor-widget-container\">\n\t\t\t\t\t\t\t\t\t\t\t\t\t<img loading=\"lazy\" decoding=\"async\" width=\"600\" height=\"600\" src=\"https:\/\/www.desers.de\/desers2\/wp-content\/uploads\/2024\/09\/20240930_114852-600x600.jpg\" class=\"attachment-ocean-thumb-m size-ocean-thumb-m wp-image-3087\" alt=\"\" srcset=\"https:\/\/www.desers.de\/desers2\/wp-content\/uploads\/2024\/09\/20240930_114852-600x600.jpg 600w, https:\/\/www.desers.de\/desers2\/wp-content\/uploads\/2024\/09\/20240930_114852-150x150.jpg 150w\" sizes=\"(max-width: 600px) 100vw, 600px\" \/>\t\t\t\t\t\t\t\t\t\t\t\t\t<\/div>\n\t\t\t\t<\/div>\n\t\t\t\t<\/div>\n\t\t<div class=\"elementor-element elementor-element-c085368 e-con-full e-flex e-con e-child\" data-id=\"c085368\" data-element_type=\"container\">\n\t\t\t\t<\/div>\n\t\t<div class=\"elementor-element elementor-element-d0ccd09 e-con-full e-flex e-con e-child\" data-id=\"d0ccd09\" data-element_type=\"container\">\n\t\t\t\t<div class=\"elementor-element elementor-element-eda2910 elementor-widget elementor-widget-image\" data-id=\"eda2910\" data-element_type=\"widget\" data-widget_type=\"image.default\">\n\t\t\t\t<div class=\"elementor-widget-container\">\n\t\t\t\t\t\t\t\t\t\t\t\t\t<img loading=\"lazy\" decoding=\"async\" width=\"600\" height=\"600\" src=\"https:\/\/www.desers.de\/desers2\/wp-content\/uploads\/2023\/11\/Raum1-600x600.jpg\" class=\"attachment-ocean-thumb-m size-ocean-thumb-m wp-image-84\" alt=\"\" srcset=\"https:\/\/www.desers.de\/desers2\/wp-content\/uploads\/2023\/11\/Raum1-600x600.jpg 600w, https:\/\/www.desers.de\/desers2\/wp-content\/uploads\/2023\/11\/Raum1-150x150.jpg 150w\" sizes=\"(max-width: 600px) 100vw, 600px\" \/>\t\t\t\t\t\t\t\t\t\t\t\t\t<\/div>\n\t\t\t\t<\/div>\n\t\t\t\t<\/div>\n\t\t<div class=\"elementor-element elementor-element-0afae65 e-con-full e-flex e-con e-child\" data-id=\"0afae65\" data-element_type=\"container\">\n\t\t\t\t<div class=\"elementor-element elementor-element-2889082 elementor-widget elementor-widget-text-editor\" data-id=\"2889082\" data-element_type=\"widget\" data-widget_type=\"text-editor.default\">\n\t\t\t\t<div class=\"elementor-widget-container\">\n\t\t\t\t\t\t\t<p style=\"text-align: center;\">Videos von unseren Veranstaltungen findet ihr auf<\/p>\t\t\t\t\t\t<\/div>\n\t\t\t\t<\/div>\n\t\t<div class=\"elementor-element elementor-element-3540d8f e-flex e-con-boxed e-con e-child\" data-id=\"3540d8f\" data-element_type=\"container\">\n\t\t\t\t\t<div class=\"e-con-inner\">\n\t\t\t\t<div class=\"elementor-element elementor-element-cef476a elementor-align-center elementor-widget__width-initial elementor-widget elementor-widget-button\" data-id=\"cef476a\" data-element_type=\"widget\" data-widget_type=\"button.default\">\n\t\t\t\t<div class=\"elementor-widget-container\">\n\t\t\t\t\t<div class=\"elementor-button-wrapper\">\n\t\t\t<a class=\"elementor-button elementor-button-link elementor-size-sm\" href=\"https:\/\/youtube.com\/playlist?list=PLf4cJW9s9FFGtxFK_w5VNZCIVzd1oQkAl&#038;si=dz4nHfqeQfEe5Y4e\" target=\"_blank\">\n\t\t\t\t\t\t<span class=\"elementor-button-content-wrapper\">\n\t\t\t\t\t\t<span class=\"elementor-button-icon elementor-align-icon-left\">\n\t\t\t\t<svg aria-hidden=\"true\" class=\"e-font-icon-svg e-fab-youtube\" viewBox=\"0 0 576 512\" xmlns=\"http:\/\/www.w3.org\/2000\/svg\"><path d=\"M549.655 124.083c-6.281-23.65-24.787-42.276-48.284-48.597C458.781 64 288 64 288 64S117.22 64 74.629 75.486c-23.497 6.322-42.003 24.947-48.284 48.597-11.412 42.867-11.412 132.305-11.412 132.305s0 89.438 11.412 132.305c6.281 23.65 24.787 41.5 48.284 47.821C117.22 448 288 448 288 448s170.78 0 213.371-11.486c23.497-6.321 42.003-24.171 48.284-47.821 11.412-42.867 11.412-132.305 11.412-132.305s0-89.438-11.412-132.305zm-317.51 213.508V175.185l142.739 81.205-142.739 81.201z\"><\/path><\/svg>\t\t\t<\/span>\n\t\t\t\t\t\t<span class=\"elementor-button-text\">Youtube         <\/span>\n\t\t<\/span>\n\t\t\t\t\t<\/a>\n\t\t<\/div>\n\t\t\t\t<\/div>\n\t\t\t\t<\/div>\n\t\t\t\t\t<\/div>\n\t\t\t\t<\/div>\n\t\t\t\t<div class=\"elementor-element elementor-element-f8d9ea2 elementor-widget__width-initial elementor-tablet-align-center elementor-widget elementor-widget-button\" data-id=\"f8d9ea2\" data-element_type=\"widget\" data-widget_type=\"button.default\">\n\t\t\t\t<div class=\"elementor-widget-container\">\n\t\t\t\t\t<div class=\"elementor-button-wrapper\">\n\t\t\t<a class=\"elementor-button elementor-button-link elementor-size-sm\" href=\"https:\/\/www.facebook.com\/profile.php?id=61558253248083\" target=\"_blank\">\n\t\t\t\t\t\t<span class=\"elementor-button-content-wrapper\">\n\t\t\t\t\t\t<span class=\"elementor-button-icon elementor-align-icon-left\">\n\t\t\t\t<svg aria-hidden=\"true\" class=\"e-font-icon-svg e-fab-facebook-square\" viewBox=\"0 0 448 512\" xmlns=\"http:\/\/www.w3.org\/2000\/svg\"><path d=\"M400 32H48A48 48 0 0 0 0 80v352a48 48 0 0 0 48 48h137.25V327.69h-63V256h63v-54.64c0-62.15 37-96.48 93.67-96.48 27.14 0 55.52 4.84 55.52 4.84v61h-31.27c-30.81 0-40.42 19.12-40.42 38.73V256h68.78l-11 71.69h-57.78V480H400a48 48 0 0 0 48-48V80a48 48 0 0 0-48-48z\"><\/path><\/svg>\t\t\t<\/span>\n\t\t\t\t\t\t<span class=\"elementor-button-text\">Like uns auf  Facebook<\/span>\n\t\t<\/span>\n\t\t\t\t\t<\/a>\n\t\t<\/div>\n\t\t\t\t<\/div>\n\t\t\t\t<\/div>\n\t\t\t\t<\/div>\n\t\t\t\t\t<\/div>\n\t\t\t\t<\/div>\n\t\t<div class=\"elementor-element elementor-element-63f1c35 e-flex e-con-boxed e-con e-parent\" data-id=\"63f1c35\" data-element_type=\"container\" data-core-v316-plus=\"true\">\n\t\t\t\t\t<div class=\"e-con-inner\">\n\t\t\t\t<div class=\"elementor-element elementor-element-777f237 elementor-widget elementor-widget-image\" data-id=\"777f237\" data-element_type=\"widget\" data-widget_type=\"image.default\">\n\t\t\t\t<div class=\"elementor-widget-container\">\n\t\t\t\t\t\t\t\t\t\t\t\t\t<img loading=\"lazy\" decoding=\"async\" width=\"1024\" height=\"540\" src=\"https:\/\/www.desers.de\/desers2\/wp-content\/uploads\/2023\/11\/1712571431674-1024x540.jpg\" class=\"attachment-large size-large wp-image-2426\" alt=\"\" srcset=\"https:\/\/www.desers.de\/desers2\/wp-content\/uploads\/2023\/11\/1712571431674-1024x540.jpg 1024w, https:\/\/www.desers.de\/desers2\/wp-content\/uploads\/2023\/11\/1712571431674-300x158.jpg 300w, https:\/\/www.desers.de\/desers2\/wp-content\/uploads\/2023\/11\/1712571431674-768x405.jpg 768w, https:\/\/www.desers.de\/desers2\/wp-content\/uploads\/2023\/11\/1712571431674-1536x810.jpg 1536w, https:\/\/www.desers.de\/desers2\/wp-content\/uploads\/2023\/11\/1712571431674-2048x1080.jpg 2048w\" sizes=\"(max-width: 1024px) 100vw, 1024px\" \/>\t\t\t\t\t\t\t\t\t\t\t\t\t<\/div>\n\t\t\t\t<\/div>\n\t\t\t\t<div class=\"elementor-element elementor-element-f205594 elementor-widget elementor-widget-image\" data-id=\"f205594\" data-element_type=\"widget\" data-widget_type=\"image.default\">\n\t\t\t\t<div class=\"elementor-widget-container\">\n\t\t\t\t\t\t\t\t\t\t\t\t\t<img loading=\"lazy\" decoding=\"async\" width=\"1024\" height=\"673\" src=\"https:\/\/www.desers.de\/desers2\/wp-content\/uploads\/2024\/04\/Tanz-71-1024x673.jpg\" class=\"attachment-large size-large wp-image-2626\" alt=\"\" srcset=\"https:\/\/www.desers.de\/desers2\/wp-content\/uploads\/2024\/04\/Tanz-71-1024x673.jpg 1024w, https:\/\/www.desers.de\/desers2\/wp-content\/uploads\/2024\/04\/Tanz-71-300x197.jpg 300w, https:\/\/www.desers.de\/desers2\/wp-content\/uploads\/2024\/04\/Tanz-71-768x505.jpg 768w, https:\/\/www.desers.de\/desers2\/wp-content\/uploads\/2024\/04\/Tanz-71-1536x1010.jpg 1536w, https:\/\/www.desers.de\/desers2\/wp-content\/uploads\/2024\/04\/Tanz-71-2048x1346.jpg 2048w\" sizes=\"(max-width: 1024px) 100vw, 1024px\" \/>\t\t\t\t\t\t\t\t\t\t\t\t\t<\/div>\n\t\t\t\t<\/div>\n\t\t\t\t\t<\/div>\n\t\t\t\t<\/div>\n\t\t<div class=\"elementor-element elementor-element-d97c4c8 e-flex e-con-boxed e-con e-parent\" data-id=\"d97c4c8\" data-element_type=\"container\" data-core-v316-plus=\"true\">\n\t\t\t\t\t<div class=\"e-con-inner\">\n\t\t\t\t\t<\/div>\n\t\t\t\t<\/div>\n\t\t\t\t<\/div>\n\t\t","protected":false},"excerpt":{"rendered":"<p>Tanzlokal TANZEN und FEIERN f\u00fcr alle. (Keine Kartenzahlung m\u00f6glich.) Ge\u00f6ffnet Freitag und Samstag ab 19 Uhr\u00a0 Erlebe eine Nacht voller mitrei\u00dfender Musik und unvergesslicher Momente.Unsere DJ&#8217;s spielen Musik aus den\u00a0 70er, 80er und 90ern, die Auswahl reicht von\u00a0 POP-Klassikern bis zu den aktuellen Chart-Hits ! Das Ganze pr\u00e4sentiert und abgemischt von unseren Live-DJ\u00b4s im 20-min\u00fctigem [&hellip;]<\/p>\n","protected":false},"author":1,"featured_media":0,"parent":0,"menu_order":0,"comment_status":"closed","ping_status":"closed","template":"","meta":{"ocean_post_layout":"full-screen","ocean_both_sidebars_style":"","ocean_both_sidebars_content_width":0,"ocean_both_sidebars_sidebars_width":0,"ocean_sidebar":"","ocean_second_sidebar":"","ocean_disable_margins":"enable","ocean_add_body_class":"","ocean_shortcode_before_top_bar":"","ocean_shortcode_after_top_bar":"","ocean_shortcode_before_header":"","ocean_shortcode_after_header":"","ocean_has_shortcode":"","ocean_shortcode_after_title":"","ocean_shortcode_before_footer_widgets":"","ocean_shortcode_after_footer_widgets":"","ocean_shortcode_before_footer_bottom":"","ocean_shortcode_after_footer_bottom":"","ocean_display_top_bar":"off","ocean_display_header":"default","ocean_header_style":"","ocean_center_header_left_menu":"","ocean_custom_header_template":"","ocean_custom_logo":0,"ocean_custom_retina_logo":0,"ocean_custom_logo_max_width":0,"ocean_custom_logo_tablet_max_width":0,"ocean_custom_logo_mobile_max_width":0,"ocean_custom_logo_max_height":0,"ocean_custom_logo_tablet_max_height":0,"ocean_custom_logo_mobile_max_height":0,"ocean_header_custom_menu":"","ocean_menu_typo_font_family":"","ocean_menu_typo_font_subset":"","ocean_menu_typo_font_size":0,"ocean_menu_typo_font_size_tablet":0,"ocean_menu_typo_font_size_mobile":0,"ocean_menu_typo_font_size_unit":"px","ocean_menu_typo_font_weight":"","ocean_menu_typo_font_weight_tablet":"","ocean_menu_typo_font_weight_mobile":"","ocean_menu_typo_transform":"","ocean_menu_typo_transform_tablet":"","ocean_menu_typo_transform_mobile":"","ocean_menu_typo_line_height":0,"ocean_menu_typo_line_height_tablet":0,"ocean_menu_typo_line_height_mobile":0,"ocean_menu_typo_line_height_unit":"","ocean_menu_typo_spacing":0,"ocean_menu_typo_spacing_tablet":0,"ocean_menu_typo_spacing_mobile":0,"ocean_menu_typo_spacing_unit":"","ocean_menu_link_color":"","ocean_menu_link_color_hover":"","ocean_menu_link_color_active":"","ocean_menu_link_background":"","ocean_menu_link_hover_background":"","ocean_menu_link_active_background":"","ocean_menu_social_links_bg":"","ocean_menu_social_hover_links_bg":"","ocean_menu_social_links_color":"","ocean_menu_social_hover_links_color":"","ocean_disable_title":"on","ocean_disable_heading":"default","ocean_post_title":"","ocean_post_subheading":"","ocean_post_title_style":"","ocean_post_title_background_color":"","ocean_post_title_background":0,"ocean_post_title_bg_image_position":"","ocean_post_title_bg_image_attachment":"","ocean_post_title_bg_image_repeat":"","ocean_post_title_bg_image_size":"","ocean_post_title_height":0,"ocean_post_title_bg_overlay":0.5,"ocean_post_title_bg_overlay_color":"","ocean_disable_breadcrumbs":"default","ocean_breadcrumbs_color":"","ocean_breadcrumbs_separator_color":"","ocean_breadcrumbs_links_color":"","ocean_breadcrumbs_links_hover_color":"","ocean_display_footer_widgets":"off","ocean_display_footer_bottom":"off","ocean_custom_footer_template":"","footnotes":""},"class_list":["post-20","page","type-page","status-publish","hentry","entry"],"_links":{"self":[{"href":"https:\/\/www.desers.de\/desers2\/wp-json\/wp\/v2\/pages\/20","targetHints":{"allow":["GET"]}}],"collection":[{"href":"https:\/\/www.desers.de\/desers2\/wp-json\/wp\/v2\/pages"}],"about":[{"href":"https:\/\/www.desers.de\/desers2\/wp-json\/wp\/v2\/types\/page"}],"author":[{"embeddable":true,"href":"https:\/\/www.desers.de\/desers2\/wp-json\/wp\/v2\/users\/1"}],"replies":[{"embeddable":true,"href":"https:\/\/www.desers.de\/desers2\/wp-json\/wp\/v2\/comments?post=20"}],"version-history":[{"count":287,"href":"https:\/\/www.desers.de\/desers2\/wp-json\/wp\/v2\/pages\/20\/revisions"}],"predecessor-version":[{"id":3090,"href":"https:\/\/www.desers.de\/desers2\/wp-json\/wp\/v2\/pages\/20\/revisions\/3090"}],"wp:attachment":[{"href":"https:\/\/www.desers.de\/desers2\/wp-json\/wp\/v2\/media?parent=20"}],"curies":[{"name":"wp","href":"https:\/\/api.w.org\/{rel}","templated":true}]}}